{"id":2770,"date":"2017-03-06T15:38:12","date_gmt":"2017-03-06T15:38:12","guid":{"rendered":"https:\/\/www.bodegasmezquita.com\/reservas\/"},"modified":"2021-12-21T10:25:54","modified_gmt":"2021-12-21T08:25:54","slug":"bookings","status":"publish","type":"page","link":"https:\/\/www.bodegasmezquita.com\/en\/bookings\/","title":{"rendered":"Bookings"},"content":{"rendered":"<p>[et_pb_section fb_built=&#8221;1&#8243; fullwidth=&#8221;on&#8221; _builder_version=&#8221;3.22.3&#8243; background_image=&#8221;https:\/\/www.bodegasmezquita.com\/wp-content\/uploads\/reservasnueva.jpg&#8221; min_height=&#8221;178px&#8221; custom_padding=&#8221;42px||712px|||&#8221; transparent_background=&#8221;off&#8221; global_colors_info=&#8221;{}&#8221;][et_pb_fullwidth_image admin_label=&#8221;Cabecera reservas&#8221; _builder_version=&#8221;3.0.87&#8243; animation=&#8221;off&#8221; use_border_color=&#8221;off&#8221; border_color=&#8221;#ffffff&#8221; border_style=&#8221;solid&#8221; global_colors_info=&#8221;{}&#8221;][\/et_pb_fullwidth_image][\/et_pb_section][et_pb_section fb_built=&#8221;1&#8243; _builder_version=&#8221;3.22.3&#8243; background_color=&#8221;#e0e0e0&#8243; custom_padding=&#8221;10px||0px|&#8221; global_colors_info=&#8221;{}&#8221;][et_pb_row _builder_version=&#8221;3.25&#8243; background_size=&#8221;initial&#8221; background_position=&#8221;top_left&#8221; background_repeat=&#8221;repeat&#8221; global_colors_info=&#8221;{}&#8221;][et_pb_column type=&#8221;4_4&#8243; _builder_version=&#8221;3.25&#8243; custom_padding=&#8221;|||&#8221; global_colors_info=&#8221;{}&#8221; custom_padding__hover=&#8221;|||&#8221;][et_pb_text _builder_version=&#8221;3.27.4&#8243; text_font=&#8221;Raleway||||&#8221; text_font_size=&#8221;26&#8243; text_line_height=&#8221;1.2em&#8221; background_size=&#8221;initial&#8221; background_position=&#8221;top_left&#8221; background_repeat=&#8221;repeat&#8221; text_orientation=&#8221;center&#8221; module_alignment=&#8221;center&#8221; custom_margin=&#8221;||5px|&#8221; border_style=&#8221;solid&#8221; global_colors_info=&#8221;{}&#8221;]The most\u00a0recommended Restaurant in C\u00f3rdoba. A typical place to lunch with your group, family or partner. The ideal place to lunch beside the Mosque-Cathedral.<br \/>\n[\/et_pb_text][et_pb_text _builder_version=&#8221;4.4.8&#8243; text_font=&#8221;Raleway Light||||&#8221; text_font_size=&#8221;22&#8243; background_size=&#8221;initial&#8221; background_position=&#8221;top_left&#8221; background_repeat=&#8221;repeat&#8221; text_orientation=&#8221;center&#8221; module_alignment=&#8221;center&#8221; custom_margin=&#8221;||-2px|||&#8221; border_style=&#8221;solid&#8221; global_colors_info=&#8221;{}&#8221;]<\/p>\n<p>&nbsp;<\/p>\n<p><strong>We open every day of the year<\/strong><\/p>\n<p><span style=\"font-size: large;\">From Monday to Sunday from 1:00 p.m. to 4:30 p.m. and from 8:00 p.m. to 00:00 a.m.<\/span><\/p>\n<p><span style=\"font-size: large;\"><\/span><\/p>\n<p>[\/et_pb_text][\/et_pb_column][\/et_pb_row][\/et_pb_section][et_pb_section fb_built=&#8221;1&#8243; _builder_version=&#8221;3.22.3&#8243; custom_padding=&#8221;0px||0px|||&#8221; global_colors_info=&#8221;{}&#8221;][et_pb_row disabled_on=&#8221;on|on|on&#8221; _builder_version=&#8221;3.25&#8243; background_size=&#8221;initial&#8221; background_position=&#8221;top_left&#8221; background_repeat=&#8221;repeat&#8221; disabled=&#8221;on&#8221; global_colors_info=&#8221;{}&#8221;][et_pb_column type=&#8221;4_4&#8243; _builder_version=&#8221;3.25&#8243; custom_padding=&#8221;|||&#8221; global_colors_info=&#8221;{}&#8221; custom_padding__hover=&#8221;|||&#8221;][et_pb_text _builder_version=&#8221;3.27.4&#8243; text_font=&#8221;Raleway||||||||&#8221; text_font_size=&#8221;22&#8243; text_line_height=&#8221;1.2em&#8221; text_orientation=&#8221;center&#8221; module_alignment=&#8221;center&#8221; text_font_size_tablet=&#8221;&#8221; text_font_size_phone=&#8221;14&#8243; text_font_size_last_edited=&#8221;on|desktop&#8221; global_colors_info=&#8221;{}&#8221;]<\/p>\n<p style=\"text-align: center;\"><strong>Booking schedule for weekends and holidays<\/strong><br \/>Friday night 8:00 PM | Saturdays 13:00 and 20:00 | Sunday noon 1:00 p.m. | Holidays and long weekends 13:00 and 20:00.<br \/>From these times we serve our customers in order of arrival. You can check the availability of our restaurants in real time <a href=\"https:\/\/www.bodegasmezquita.com\/listadeespera.html\">at the following link<\/a><\/p>\n<p>[\/et_pb_text][\/et_pb_column][\/et_pb_row][\/et_pb_section][et_pb_section fb_built=&#8221;1&#8243; _builder_version=&#8221;3.22.3&#8243; background_color=&#8221;#f5f5f5&#8243; global_colors_info=&#8221;{}&#8221;][et_pb_row column_structure=&#8221;1_4,1_4,1_4,1_4&#8243; disabled_on=&#8221;on|on|on&#8221; _builder_version=&#8221;4.4.8&#8243; disabled=&#8221;on&#8221; global_colors_info=&#8221;{}&#8221;][et_pb_column type=&#8221;1_4&#8243; _builder_version=&#8221;4.4.8&#8243; global_colors_info=&#8221;{}&#8221;][et_pb_text _builder_version=&#8221;3.27.4&#8243; text_font=&#8221;Raleway||||&#8221; text_font_size=&#8221;22&#8243; background_size=&#8221;initial&#8221; background_position=&#8221;top_left&#8221; background_repeat=&#8221;repeat&#8221; text_orientation=&#8221;center&#8221; module_alignment=&#8221;center&#8221; custom_margin=&#8221;0px||10px|&#8221; global_colors_info=&#8221;{}&#8221;]<\/p>\n<p>CORREGIDOR<\/p>\n<p>[\/et_pb_text][et_pb_text _builder_version=&#8221;3.27.4&#8243; text_font=&#8221;Raleway||||&#8221; text_line_height=&#8221;1.5em&#8221; header_font=&#8221;Raleway||||&#8221; background_size=&#8221;initial&#8221; background_position=&#8221;top_left&#8221; background_repeat=&#8221;repeat&#8221; text_orientation=&#8221;center&#8221; module_alignment=&#8221;center&#8221; border_style=&#8221;solid&#8221; global_colors_info=&#8221;{}&#8221;]<\/p>\n<p>C\/Corregidor Luis de la Cerda, 73<br \/> 14003 &#8211; C\u00f3rdoba<br \/> Tel. (+34) 957 498 117<br \/> South-east corner of the Mosque-Cathedral<\/p>\n<p>[\/et_pb_text][et_pb_map address=&#8221;Calle Corregidor Luis de la Cerda, 73, 14003 C\u00f3rdoba, Espa\u00f1a&#8221; zoom_level=&#8221;17&#8243; address_lat=&#8221;37.8784762&#8243; address_lng=&#8221;-4.7782607&#8243; mouse_wheel=&#8221;off&#8221; admin_label=&#8221;Mapa Corregidor&#8221; _builder_version=&#8221;4.4.8&#8243; global_colors_info=&#8221;{}&#8221;][et_pb_map_pin title=&#8221;BM Corregidor&#8221; pin_address=&#8221;Calle Corregidor Luis de la Cerda, 73, 14003 C\u00f3rdoba, Espa\u00f1a&#8221; pin_address_lat=&#8221;37.8784762&#8243; pin_address_lng=&#8221;-4.778260700000033&#8243; _builder_version=&#8221;3.0.47&#8243; global_colors_info=&#8221;{}&#8221;] [\/et_pb_map_pin][\/et_pb_map][et_pb_button button_url=&#8221;https:\/\/www.bodegasmezquita.com\/producto\/bm-corregidor\/&#8221; button_text=&#8221;Book your table&#8221; button_alignment=&#8221;center&#8221; _builder_version=&#8221;3.16&#8243; custom_button=&#8221;on&#8221; button_text_color=&#8221;#e09900&#8243; button_border_color=&#8221;#e09900&#8243; global_colors_info=&#8221;{}&#8221; button_text_size__hover_enabled=&#8221;off&#8221; button_one_text_size__hover_enabled=&#8221;off&#8221; button_two_text_size__hover_enabled=&#8221;off&#8221; button_text_color__hover_enabled=&#8221;off&#8221; button_one_text_color__hover_enabled=&#8221;off&#8221; button_two_text_color__hover_enabled=&#8221;off&#8221; button_border_width__hover_enabled=&#8221;off&#8221; button_one_border_width__hover_enabled=&#8221;off&#8221; button_two_border_width__hover_enabled=&#8221;off&#8221; button_border_color__hover_enabled=&#8221;off&#8221; button_one_border_color__hover_enabled=&#8221;off&#8221; button_two_border_color__hover_enabled=&#8221;off&#8221; button_border_radius__hover_enabled=&#8221;off&#8221; button_one_border_radius__hover_enabled=&#8221;off&#8221; button_two_border_radius__hover_enabled=&#8221;off&#8221; button_letter_spacing__hover_enabled=&#8221;off&#8221; button_one_letter_spacing__hover_enabled=&#8221;off&#8221; button_two_letter_spacing__hover_enabled=&#8221;off&#8221; button_bg_color__hover_enabled=&#8221;off&#8221; button_one_bg_color__hover_enabled=&#8221;off&#8221; button_two_bg_color__hover_enabled=&#8221;off&#8221;][\/et_pb_button][\/et_pb_column][et_pb_column type=&#8221;1_4&#8243; _builder_version=&#8221;4.4.8&#8243; global_colors_info=&#8221;{}&#8221;][\/et_pb_column][et_pb_column type=&#8221;1_4&#8243; _builder_version=&#8221;4.4.8&#8243; global_colors_info=&#8221;{}&#8221;][\/et_pb_column][et_pb_column type=&#8221;1_4&#8243; _builder_version=&#8221;4.4.8&#8243; global_colors_info=&#8221;{}&#8221;][et_pb_text _builder_version=&#8221;3.27.4&#8243; text_font=&#8221;Raleway||||&#8221; text_font_size=&#8221;22&#8243; background_size=&#8221;initial&#8221; background_position=&#8221;top_left&#8221; background_repeat=&#8221;repeat&#8221; text_orientation=&#8221;center&#8221; module_alignment=&#8221;center&#8221; custom_margin=&#8221;||10px|&#8221; border_style=&#8221;solid&#8221; global_colors_info=&#8221;{}&#8221;]<\/p>\n<p>OBA TAPAS &amp; SHOP<\/p>\n<p>[\/et_pb_text][et_pb_text _builder_version=&#8221;3.27.4&#8243; text_font=&#8221;Raleway||||&#8221; text_line_height=&#8221;1.5em&#8221; background_size=&#8221;initial&#8221; background_position=&#8221;top_left&#8221; background_repeat=&#8221;repeat&#8221; text_orientation=&#8221;center&#8221; module_alignment=&#8221;center&#8221; min_height=&#8221;90px&#8221; border_style=&#8221;solid&#8221; global_colors_info=&#8221;{}&#8221;]<\/p>\n<p>Plaza del Triunfo, s\/n.<br \/> 14003 \u2013 C\u00f3rdoba<br \/>Tel (+34) 957 04 12 98<br \/> (Visitor Recepcion Center)<\/p>\n<p>[\/et_pb_text][et_pb_map address=&#8221;Plaza del Triunfo, s\/n, 14003 C\u00f3rdoba, Espa\u00f1a&#8221; address_lat=&#8221;37.878012&#8243; address_lng=&#8221;-4.778958&#8243; _builder_version=&#8221;3.24.1&#8243; custom_margin=&#8221;-3px|||||&#8221; global_colors_info=&#8221;{}&#8221;][et_pb_map_pin title=&#8221;Oba&#8221; pin_address=&#8221;Plaza del Triunfo, s\/n, 14003 C\u00f3rdoba, Espa\u00f1a&#8221; pin_address_lat=&#8221;37.878012&#8243; pin_address_lng=&#8221;-4.778958&#8243; _builder_version=&#8221;3.24.1&#8243; global_colors_info=&#8221;{}&#8221;][\/et_pb_map_pin][\/et_pb_map][et_pb_button button_url=&#8221;https:\/\/www.bodegasmezquita.com\/en\/producto\/reserva-en-oba-tapas-shop\/&#8221; button_text=&#8221;Book your table&#8221; button_alignment=&#8221;center&#8221; _builder_version=&#8221;3.24.1&#8243; global_colors_info=&#8221;{}&#8221;][\/et_pb_button][\/et_pb_column][\/et_pb_row][et_pb_row column_structure=&#8221;1_3,1_3,1_3&#8243; _builder_version=&#8221;4.4.8&#8243; global_colors_info=&#8221;{}&#8221;][et_pb_column type=&#8221;1_3&#8243; _builder_version=&#8221;4.4.8&#8243; global_colors_info=&#8221;{}&#8221;][et_pb_text _builder_version=&#8221;3.27.4&#8243; text_font=&#8221;Raleway||||&#8221; text_font_size=&#8221;22&#8243; background_size=&#8221;initial&#8221; background_position=&#8221;top_left&#8221; background_repeat=&#8221;repeat&#8221; text_orientation=&#8221;center&#8221; module_alignment=&#8221;center&#8221; custom_margin=&#8221;||10px|&#8221; global_colors_info=&#8221;{}&#8221;]<\/p>\n<p>C\u00c9SPEDES<\/p>\n<p>[\/et_pb_text][et_pb_text _builder_version=&#8221;4.4.8&#8243; text_font=&#8221;Raleway||||&#8221; text_line_height=&#8221;1.5em&#8221; background_size=&#8221;initial&#8221; background_position=&#8221;top_left&#8221; background_repeat=&#8221;repeat&#8221; text_orientation=&#8221;center&#8221; module_alignment=&#8221;center&#8221; custom_padding=&#8221;||24px|||&#8221; custom_padding_tablet=&#8221;&#8221; custom_padding_phone=&#8221;&#8221; custom_padding_last_edited=&#8221;on|desktop&#8221; use_border_color=&#8221;off&#8221; border_color=&#8221;#ffffff&#8221; border_style=&#8221;solid&#8221; global_colors_info=&#8221;{}&#8221;]<\/p>\n<p>C\/ C\u00e9spedes, 12<br \/> 14003 &#8211; C\u00f3rdoba<br \/> Tel. (+34) 957 490 004<br \/> Facing the north-side of the Mosque-Cathedral<\/p>\n<p>[\/et_pb_text][et_pb_map address=&#8221;Calle C\u00e9spedes, 12, 14003 C\u00f3rdoba, Espa\u00f1a&#8221; zoom_level=&#8221;17&#8243; address_lat=&#8221;37.8799157&#8243; address_lng=&#8221;-4.7801163&#8243; mouse_wheel=&#8221;off&#8221; admin_label=&#8221;Mapa C\u00e9spedes&#8221; _builder_version=&#8221;4.4.8&#8243; custom_padding=&#8221;||2px|||&#8221; global_colors_info=&#8221;{}&#8221;][et_pb_map_pin title=&#8221;BM C\u00e9spedes&#8221; pin_address=&#8221;Calle C\u00e9spedes, 12, 14003 C\u00f3rdoba, Espa\u00f1a&#8221; pin_address_lat=&#8221;37.87993&#8243; pin_address_lng=&#8221;-4.780110000000036&#8243; _builder_version=&#8221;3.0.47&#8243; global_colors_info=&#8221;{}&#8221;] [\/et_pb_map_pin][\/et_pb_map][et_pb_button button_url=&#8221;https:\/\/www.bodegasmezquita.com\/en\/cespedes\/&#8221; button_text=&#8221;Book your table&#8221; button_alignment=&#8221;center&#8221; _builder_version=&#8221;4.14.2&#8243; custom_button=&#8221;on&#8221; button_text_color=&#8221;#e09900&#8243; button_border_color=&#8221;#e09900&#8243; hover_enabled=&#8221;0&#8243; global_colors_info=&#8221;{}&#8221; button_text_size__hover_enabled=&#8221;off&#8221; button_one_text_size__hover_enabled=&#8221;off&#8221; button_two_text_size__hover_enabled=&#8221;off&#8221; button_text_color__hover_enabled=&#8221;off&#8221; button_one_text_color__hover_enabled=&#8221;off&#8221; button_two_text_color__hover_enabled=&#8221;off&#8221; button_border_width__hover_enabled=&#8221;off&#8221; button_one_border_width__hover_enabled=&#8221;off&#8221; button_two_border_width__hover_enabled=&#8221;off&#8221; button_border_color__hover_enabled=&#8221;off&#8221; button_one_border_color__hover_enabled=&#8221;off&#8221; button_two_border_color__hover_enabled=&#8221;off&#8221; button_border_radius__hover_enabled=&#8221;off&#8221; button_one_border_radius__hover_enabled=&#8221;off&#8221; button_two_border_radius__hover_enabled=&#8221;off&#8221; button_letter_spacing__hover_enabled=&#8221;off&#8221; button_one_letter_spacing__hover_enabled=&#8221;off&#8221; button_two_letter_spacing__hover_enabled=&#8221;off&#8221; button_bg_color__hover_enabled=&#8221;off&#8221; button_one_bg_color__hover_enabled=&#8221;off&#8221; button_two_bg_color__hover_enabled=&#8221;off&#8221; sticky_enabled=&#8221;0&#8243;][\/et_pb_button][et_pb_divider disabled_on=&#8221;off|off|on&#8221; _builder_version=&#8221;4.4.8&#8243; custom_margin=&#8221;11px|||||&#8221; global_colors_info=&#8221;{}&#8221;][\/et_pb_divider][\/et_pb_column][et_pb_column type=&#8221;1_3&#8243; _builder_version=&#8221;4.4.8&#8243; global_colors_info=&#8221;{}&#8221;][et_pb_text _builder_version=&#8221;3.27.4&#8243; text_font=&#8221;Raleway||||&#8221; text_font_size=&#8221;22&#8243; background_size=&#8221;initial&#8221; background_position=&#8221;top_left&#8221; background_repeat=&#8221;repeat&#8221; text_orientation=&#8221;center&#8221; module_alignment=&#8221;center&#8221; custom_margin=&#8221;||10px|&#8221; border_style=&#8221;solid&#8221; global_colors_info=&#8221;{}&#8221;]<\/p>\n<p>RIBERA<\/p>\n<p>[\/et_pb_text][et_pb_text _builder_version=&#8221;3.27.4&#8243; text_font=&#8221;Raleway||||&#8221; text_line_height=&#8221;1.5em&#8221; background_size=&#8221;initial&#8221; background_position=&#8221;top_left&#8221; background_repeat=&#8221;repeat&#8221; text_orientation=&#8221;center&#8221; module_alignment=&#8221;center&#8221; custom_margin=&#8221;||31px|||&#8221; custom_padding=&#8221;||24px|||&#8221; border_style=&#8221;solid&#8221; global_colors_info=&#8221;{}&#8221;]<\/p>\n<p>Ronda de Isasa, 10<br \/> 14003 &#8211; C\u00f3rdoba<br \/> Tel. (+34) 957 116 913<br \/> On the riverbank<\/p>\n<p>[\/et_pb_text][et_pb_map address=&#8221;Ronda de Isasa, 4, 14003 C\u00f3rdoba, Espa\u00f1a&#8221; zoom_level=&#8221;17&#8243; address_lat=&#8221;37.8787915485958&#8243; address_lng=&#8221;-4.777177606359828&#8243; mouse_wheel=&#8221;off&#8221; admin_label=&#8221;Mapa C\u00e9spedes&#8221; _builder_version=&#8221;3.24.1&#8243; custom_margin=&#8221;-4px|||||&#8221; global_colors_info=&#8221;{}&#8221;][et_pb_map_pin title=&#8221;BM Ribera&#8221; pin_address=&#8221;Ronda de Isasa, 4D, 14003 C\u00f3rdoba, Espa\u00f1a&#8221; pin_address_lat=&#8221;37.878808485379366&#8243; pin_address_lng=&#8221;-4.777113233343471&#8243; _builder_version=&#8221;3.12&#8243; global_colors_info=&#8221;{}&#8221;][\/et_pb_map_pin][\/et_pb_map][et_pb_button button_url=&#8221;https:\/\/www.bodegasmezquita.com\/en\/bodegas-mezquita-ribera\/&#8221; button_text=&#8221;Book your table&#8221; button_alignment=&#8221;center&#8221; _builder_version=&#8221;4.14.2&#8243; custom_button=&#8221;on&#8221; button_text_color=&#8221;#e09900&#8243; button_border_color=&#8221;#e09900&#8243; hover_enabled=&#8221;0&#8243; global_colors_info=&#8221;{}&#8221; button_text_size__hover_enabled=&#8221;off&#8221; button_one_text_size__hover_enabled=&#8221;off&#8221; button_two_text_size__hover_enabled=&#8221;off&#8221; button_text_color__hover_enabled=&#8221;off&#8221; button_one_text_color__hover_enabled=&#8221;off&#8221; button_two_text_color__hover_enabled=&#8221;off&#8221; button_border_width__hover_enabled=&#8221;off&#8221; button_one_border_width__hover_enabled=&#8221;off&#8221; button_two_border_width__hover_enabled=&#8221;off&#8221; button_border_color__hover_enabled=&#8221;off&#8221; button_one_border_color__hover_enabled=&#8221;off&#8221; button_two_border_color__hover_enabled=&#8221;off&#8221; button_border_radius__hover_enabled=&#8221;off&#8221; button_one_border_radius__hover_enabled=&#8221;off&#8221; button_two_border_radius__hover_enabled=&#8221;off&#8221; button_letter_spacing__hover_enabled=&#8221;off&#8221; button_one_letter_spacing__hover_enabled=&#8221;off&#8221; button_two_letter_spacing__hover_enabled=&#8221;off&#8221; button_bg_color__hover_enabled=&#8221;off&#8221; button_one_bg_color__hover_enabled=&#8221;off&#8221; button_two_bg_color__hover_enabled=&#8221;off&#8221; sticky_enabled=&#8221;0&#8243;][\/et_pb_button][et_pb_divider disabled_on=&#8221;off|off|on&#8221; _builder_version=&#8221;4.4.8&#8243; custom_margin=&#8221;11px|||||&#8221; global_colors_info=&#8221;{}&#8221;][\/et_pb_divider][\/et_pb_column][et_pb_column type=&#8221;1_3&#8243; _builder_version=&#8221;4.4.8&#8243; global_colors_info=&#8221;{}&#8221;][et_pb_text _builder_version=&#8221;3.27.4&#8243; text_font=&#8221;Raleway||||&#8221; text_font_size=&#8221;22&#8243; background_size=&#8221;initial&#8221; background_position=&#8221;top_left&#8221; background_repeat=&#8221;repeat&#8221; text_orientation=&#8221;center&#8221; module_alignment=&#8221;center&#8221; custom_margin=&#8221;||10px|&#8221; border_style=&#8221;solid&#8221; global_colors_info=&#8221;{}&#8221;]<\/p>\n<p>CRUZ DEL RASTRO<\/p>\n<p>[\/et_pb_text][et_pb_text _builder_version=&#8221;3.27.4&#8243; text_font=&#8221;Raleway||||&#8221; text_line_height=&#8221;1.5em&#8221; background_size=&#8221;initial&#8221; background_position=&#8221;top_left&#8221; background_repeat=&#8221;repeat&#8221; text_orientation=&#8221;center&#8221; module_alignment=&#8221;center&#8221; custom_margin=&#8221;||27px|||&#8221; custom_padding=&#8221;||26px|||&#8221; border_style=&#8221;solid&#8221; global_colors_info=&#8221;{}&#8221;]<\/p>\n<p>Plaza Cruz del Rastro, 2<br \/> 14002 \u2013 C\u00f3rdoba<br \/>Tel. (+34) 957 942 711<br \/> Next to Bridge of Miraflores<\/p>\n<p>[\/et_pb_text][et_pb_map address=&#8221;Plaza Cruz del Rastro, 2, 14002 C\u00f3rdoba, Espa\u00f1a&#8221; zoom_level=&#8221;16&#8243; address_lat=&#8221;37.8799289&#8243; address_lng=&#8221;-4.775553899999977&#8243; mouse_wheel=&#8221;off&#8221; admin_label=&#8221;Mapa C\u00e9spedes&#8221; _builder_version=&#8221;3.0.91&#8243; global_colors_info=&#8221;{}&#8221;][et_pb_map_pin title=&#8221;BM Cruz del Rastro&#8221; pin_address=&#8221;Plaza Cruz del Rastro, 2, 14002 C\u00f3rdoba, Espa\u00f1a&#8221; pin_address_lat=&#8221;37.87992153173765&#8243; pin_address_lng=&#8221;-4.77551805816654&#8243; _builder_version=&#8221;3.0.47&#8243; global_colors_info=&#8221;{}&#8221;][\/et_pb_map_pin][\/et_pb_map][et_pb_button button_url=&#8221;https:\/\/www.bodegasmezquita.com\/en\/cruz-del-rastro\/&#8221; button_text=&#8221;Book your table&#8221; button_alignment=&#8221;center&#8221; _builder_version=&#8221;4.14.2&#8243; custom_button=&#8221;on&#8221; button_text_color=&#8221;#e09900&#8243; button_border_color=&#8221;#e09900&#8243; hover_enabled=&#8221;0&#8243; global_colors_info=&#8221;{}&#8221; button_text_size__hover_enabled=&#8221;off&#8221; button_one_text_size__hover_enabled=&#8221;off&#8221; button_two_text_size__hover_enabled=&#8221;off&#8221; button_text_color__hover_enabled=&#8221;off&#8221; button_one_text_color__hover_enabled=&#8221;off&#8221; button_two_text_color__hover_enabled=&#8221;off&#8221; button_border_width__hover_enabled=&#8221;off&#8221; button_one_border_width__hover_enabled=&#8221;off&#8221; button_two_border_width__hover_enabled=&#8221;off&#8221; button_border_color__hover_enabled=&#8221;off&#8221; button_one_border_color__hover_enabled=&#8221;off&#8221; button_two_border_color__hover_enabled=&#8221;off&#8221; button_border_radius__hover_enabled=&#8221;off&#8221; button_one_border_radius__hover_enabled=&#8221;off&#8221; button_two_border_radius__hover_enabled=&#8221;off&#8221; button_letter_spacing__hover_enabled=&#8221;off&#8221; button_one_letter_spacing__hover_enabled=&#8221;off&#8221; button_two_letter_spacing__hover_enabled=&#8221;off&#8221; button_bg_color__hover_enabled=&#8221;off&#8221; button_one_bg_color__hover_enabled=&#8221;off&#8221; button_two_bg_color__hover_enabled=&#8221;off&#8221; sticky_enabled=&#8221;0&#8243;][\/et_pb_button][\/et_pb_column][\/et_pb_row][\/et_pb_section][et_pb_section fb_built=&#8221;1&#8243; _builder_version=&#8221;3.22.3&#8243; use_background_color_gradient=&#8221;on&#8221; background_color_gradient_start=&#8221;#000000&#8243; background_color_gradient_end=&#8221;#191919&#8243; global_colors_info=&#8221;{}&#8221;][et_pb_row _builder_version=&#8221;3.25&#8243; background_size=&#8221;initial&#8221; background_position=&#8221;top_left&#8221; background_repeat=&#8221;repeat&#8221; custom_padding=&#8221;0px||0px|||&#8221; global_colors_info=&#8221;{}&#8221;][et_pb_column type=&#8221;4_4&#8243; _builder_version=&#8221;3.25&#8243; custom_padding=&#8221;|||&#8221; global_colors_info=&#8221;{}&#8221; custom_padding__hover=&#8221;|||&#8221;][et_pb_image src=&#8221;https:\/\/www.bodegasmezquita.com\/wp-content\/uploads\/TC_2021_LL_TRANSPARENT_BG_RGB-01-1.png&#8221; alt=&#8221;TA&#8221; title_text=&#8221;TC_2021_LL_TRANSPARENT_BG_RGB-01 (1)&#8221; align=&#8221;center&#8221; align_tablet=&#8221;center&#8221; align_phone=&#8221;&#8221; align_last_edited=&#8221;on|desktop&#8221; _builder_version=&#8221;4.4.8&#8243; max_width=&#8221;32%&#8221; max_width_tablet=&#8221;&#8221; max_width_phone=&#8221;&#8221; max_width_last_edited=&#8221;on|desktop&#8221; module_alignment=&#8221;center&#8221; global_colors_info=&#8221;{}&#8221;][\/et_pb_image][\/et_pb_column][\/et_pb_row][\/et_pb_section]<\/p>\n","protected":false},"excerpt":{"rendered":"<p>The most\u00a0recommended Restaurant in C\u00f3rdoba. A typical place to lunch with your group, family or partner. The ideal place to lunch beside the Mosque-Cathedral. &nbsp; We open every day of the year From Monday to Sunday from 1:00 p.m. to 4:30 p.m. and from 8:00 p.m. to 00:00 a.m. Booking schedule for weekends and holidaysFriday [&hellip;]<\/p>\n","protected":false},"author":2,"featured_media":0,"parent":0,"menu_order":0,"comment_status":"closed","ping_status":"closed","template":"","meta":{"_et_pb_use_builder":"on","_et_pb_old_content":"","_et_gb_content_width":"","footnotes":""},"class_list":["post-2770","page","type-page","status-publish","hentry"],"_links":{"self":[{"href":"https:\/\/www.bodegasmezquita.com\/en\/wp-json\/wp\/v2\/pages\/2770","targetHints":{"allow":["GET"]}}],"collection":[{"href":"https:\/\/www.bodegasmezquita.com\/en\/wp-json\/wp\/v2\/pages"}],"about":[{"href":"https:\/\/www.bodegasmezquita.com\/en\/wp-json\/wp\/v2\/types\/page"}],"author":[{"embeddable":true,"href":"https:\/\/www.bodegasmezquita.com\/en\/wp-json\/wp\/v2\/users\/2"}],"replies":[{"embeddable":true,"href":"https:\/\/www.bodegasmezquita.com\/en\/wp-json\/wp\/v2\/comments?post=2770"}],"version-history":[{"count":0,"href":"https:\/\/www.bodegasmezquita.com\/en\/wp-json\/wp\/v2\/pages\/2770\/revisions"}],"wp:attachment":[{"href":"https:\/\/www.bodegasmezquita.com\/en\/wp-json\/wp\/v2\/media?parent=2770"}],"curies":[{"name":"wp","href":"https:\/\/api.w.org\/{rel}","templated":true}]}}