{"id":4159,"date":"2017-11-20T18:24:57","date_gmt":"2017-11-20T16:24:57","guid":{"rendered":"https:\/\/www.bodegasmezquita.com\/?page_id=4159"},"modified":"2020-10-15T10:49:28","modified_gmt":"2020-10-15T08:49:28","slug":"wines","status":"publish","type":"page","link":"https:\/\/www.bodegasmezquita.com\/en\/wines\/","title":{"rendered":"Wines"},"content":{"rendered":"<p>[et_pb_section fb_built=&#8221;1&#8243; fullwidth=&#8221;on&#8221; _builder_version=&#8221;3.22&#8243;][et_pb_fullwidth_image src=&#8221;https:\/\/www.bodegasmezquita.com\/wp-content\/uploads\/vinos.jpg&#8221; _builder_version=&#8221;3.0.87&#8243; custom_margin=&#8221;0px||0px|&#8221; animation_style=&#8221;slide&#8221; animation_direction=&#8221;left&#8221; animation_duration=&#8221;500ms&#8221; animation_intensity_slide=&#8221;10%&#8221; animation=&#8221;left&#8221; border_style=&#8221;solid&#8221;][\/et_pb_fullwidth_image][\/et_pb_section][et_pb_section fb_built=&#8221;1&#8243; _builder_version=&#8221;3.22&#8243;][et_pb_row _builder_version=&#8221;3.25&#8243; background_size=&#8221;initial&#8221; background_position=&#8221;top_left&#8221; background_repeat=&#8221;repeat&#8221; column_structure=&#8221;1_2,1_2&#8243;][et_pb_column type=&#8221;1_2&#8243; _builder_version=&#8221;3.25&#8243; custom_padding=&#8221;|||&#8221; custom_padding__hover=&#8221;|||&#8221;][et_pb_text admin_label=&#8221;TINTOS&#8221; _builder_version=&#8221;3.27.4&#8243; text_font=&#8221;Raleway||||&#8221; text_font_size=&#8221;32&#8243; module_alignment=&#8221;left&#8221; border_style=&#8221;solid&#8221;]<span style=\"font-weight: 400;\">RED WINES<\/span><br \/>\n[\/et_pb_text][et_pb_text _builder_version=&#8221;3.27.4&#8243; module_alignment=&#8221;left&#8221; border_style=&#8221;solid&#8221;]<\/p>\n<p><a href=\"https:\/\/www.miplato.es\/tienda\/producto\/tinto-bodegas-mezquita-syrah\/\" target=\"_blank\" rel=\"noopener\"><strong>Bodegas Mezquita (Syrah)<br \/> <\/strong><\/a><span style=\"font-weight: 400;\">Small bottle 50 cl. and standard bottle 75 cl.<br \/> <\/span><b>Casa Villa-Zevallos Roble<br \/> <\/b><span style=\"font-weight: 400;\">(Tempranillo, Cabernet Sauvignon, Syrah and Merlot)<br \/> <\/span><b>Los Omeyas Roble<br \/> <\/b><span style=\"font-weight: 400;\">(Syrah)<br \/> <\/span><b>Piedra Luenga Bio(organic)<br \/> <\/b><span style=\"font-weight: 400;\">(Tempranillo)<br \/> <\/span><b>Delirio<br \/> <\/b><span style=\"font-weight: 400;\">(Syrah and Tempranillo)<br \/> <\/span><b>Vi\u00f1a Pomal Centenario Crianza<br \/> <\/b><span style=\"font-weight: 400;\">(Tempranillo)<br \/> <\/span><b>Legaris Roble<br \/> <\/b><span style=\"font-weight: 400;\">(Tempranillo)<br \/><strong>Primog\u00e9nito<br \/><\/strong><span>(Syrah)<\/span><br \/> <\/span><b>Mu\u00f1ana Rojo<br \/> <\/b><span style=\"font-weight: 400;\">(Tempranillo, Cabernet Sauvignon and Monastrell)<br \/> <\/span><b>Barbazul<br \/> <\/b><span style=\"font-weight: 400;\">(Tintilla from Rota, Syrah, Merlot and Cabernet Sauvignon)<br \/> <\/span><b>dv Descalzos Viejos<br \/> <\/b><span style=\"font-weight: 400;\">(Garnacha, Syrah and Merlot)<br \/> <\/span><b>Protos Roble<br \/> <\/b><span style=\"font-weight: 400;\">(Tempranillo)<br \/> <\/span><b>Habla del Silencio<br \/> <\/b><span style=\"font-weight: 400;\">(Syrah, Cabernet Sauvignon and Tempranillo)<br \/> <\/span><b>Garum<br \/> <\/b><span style=\"font-weight: 400;\">(Merlot, Syrah and Petit Verdot)<br \/> <\/span><b>Mu\u00f1ana 3 Cepas<br \/> <\/b><span style=\"font-weight: 400;\">(Syrah, Cabernet Sauvignon and Merlot)<\/span><\/p>\n<p>[\/et_pb_text][et_pb_text admin_label=&#8221;GENEROSOS&#8221; _builder_version=&#8221;3.27.4&#8243; text_font=&#8221;Raleway||||&#8221; text_font_size=&#8221;32&#8243; module_alignment=&#8221;left&#8221; border_style=&#8221;solid&#8221;]<span style=\"font-weight: 400;\">ROS\u00c9 WINES<\/span><br \/>\n[\/et_pb_text][et_pb_text _builder_version=&#8221;3.27.4&#8243; module_alignment=&#8221;left&#8221; border_style=&#8221;solid&#8221;]<\/p>\n<div class=\"page\" title=\"Page 16\">\n<div class=\"layoutArea\">\n<div class=\"column\">\n<div class=\"page\" title=\"Page 16\">\n<div class=\"layoutArea\">\n<div class=\"column\">\n<div class=\"page\" title=\"Page 16\">\n<div class=\"layoutArea\">\n<div class=\"column\">\n<div class=\"page\" title=\"Page 16\">\n<div class=\"layoutArea\">\n<div class=\"column\">\n<p><b>Los Omeya <br \/><\/b>(Syrah)<b><br \/> <\/b><b>Barbazul <br \/><\/b>(Syrah)<\/p>\n<\/div>\n<\/div>\n<\/div>\n<\/div>\n<\/div>\n<\/div>\n<\/div>\n<\/div>\n<\/div>\n<\/div>\n<\/div>\n<\/div>\n<p>[\/et_pb_text][\/et_pb_column][et_pb_column type=&#8221;1_2&#8243; _builder_version=&#8221;3.25&#8243; custom_padding=&#8221;|||&#8221; custom_padding__hover=&#8221;|||&#8221;][et_pb_text admin_label=&#8221;GENEROSOS&#8221; _builder_version=&#8221;4.4.8&#8243; text_font=&#8221;Raleway||||&#8221; text_font_size=&#8221;32&#8243; module_alignment=&#8221;left&#8221; hover_enabled=&#8221;0&#8243; border_style=&#8221;solid&#8221;]<\/p>\n<p><span style=\"font-weight: 400;\">GENEROUS WINES <span style=\"font-size: x-large;\">(Montilla-Moriles)<\/span><\/span><\/p>\n<p>[\/et_pb_text][et_pb_text _builder_version=&#8221;3.27.4&#8243; module_alignment=&#8221;left&#8221; border_style=&#8221;solid&#8221;]<\/p>\n<div class=\"page\" title=\"Page 16\">\n<div class=\"layoutArea\">\n<div class=\"column\">\n<div class=\"page\" title=\"Page 16\">\n<div class=\"layoutArea\">\n<div class=\"column\">\n<p><strong><a href=\"https:\/\/www.miplato.es\/tienda\/producto\/fino-bodegas-mezquita\/\" target=\"_blank\" rel=\"noopener\">Fino Bodegas Mezquita<br \/> <\/a><\/strong><span style=\"font-weight: 400;\">Small bottle 50 cl. and standard bottle 75 cl.<br \/> <\/span><b>Fino Segunda Bota<br \/> <\/b><b>Fino Piedra Luenga<\/b> <b>Bio (organic)<br \/> <\/b><span style=\"font-weight: 400;\">50 cl.<br \/> <\/span><b>Oloroso Piedra Luenga Bio (organic)<br \/> <\/b><span style=\"font-weight: 400;\">50 cl.<br \/> <\/span><b>Amontillado Delgado<\/b><\/p>\n<\/div>\n<\/div>\n<\/div>\n<\/div>\n<\/div>\n<\/div>\n<p>[\/et_pb_text][et_pb_text admin_label=&#8221;WHITE WINES&#8221; _builder_version=&#8221;3.27.4&#8243; text_font=&#8221;Raleway||||&#8221; text_font_size=&#8221;32&#8243; module_alignment=&#8221;left&#8221; border_style=&#8221;solid&#8221; custom_margin=&#8221;42px|||||&#8221;]<span style=\"font-weight: 400;\">WHITE WINES<\/span><br \/>\n[\/et_pb_text][et_pb_text _builder_version=&#8221;3.27.4&#8243; module_alignment=&#8221;left&#8221; border_style=&#8221;solid&#8221;]<\/p>\n<div class=\"page\" title=\"Page 16\">\n<div class=\"layoutArea\">\n<div class=\"column\">\n<div class=\"page\" title=\"Page 16\">\n<div class=\"layoutArea\">\n<div class=\"column\">\n<div class=\"page\" title=\"Page 16\">\n<div class=\"layoutArea\">\n<div class=\"column\">\n<p><b>#VinodelaCasa (Pedro Xim\u00e9nez)<br \/> <\/b><span style=\"font-weight: 400;\">Small bottle 50 cl.<br \/> <\/span><b>Finca la Ca\u00f1ada <br \/><\/b>(Verdejo)<b><br \/> <\/b><b>Vino de Tinaja from Coop. La Uni\u00f3n<br \/><\/b>(Pedro Xim\u00e9nez)<b><br \/> <\/b><b>Algarab\u00eda <br \/><\/b>(Chardonnay)<b><br \/> <\/b><b>Piedra Luenga Bio (organic)<br \/><\/b>(Verdejo)<b><br \/> <\/b><b>Protos <br \/><\/b>(Verdejo)<b><br \/> <\/b><b>Barbazul <br \/><\/b>(Chardonnay)<\/p>\n<\/div>\n<\/div>\n<\/div>\n<\/div>\n<\/div>\n<\/div>\n<\/div>\n<\/div>\n<\/div>\n<p>[\/et_pb_text][et_pb_text admin_label=&#8221;GENEROSOS&#8221; _builder_version=&#8221;3.27.4&#8243; text_font=&#8221;Raleway||||&#8221; text_font_size=&#8221;32&#8243; module_alignment=&#8221;left&#8221; border_style=&#8221;solid&#8221; custom_margin=&#8221;42px|||||&#8221;]<span style=\"font-weight: 400;\">SWEET AND SPARKLING WINES<\/span><br \/>\n[\/et_pb_text][et_pb_text _builder_version=&#8221;3.27.4&#8243; module_alignment=&#8221;left&#8221; border_style=&#8221;solid&#8221;]<\/p>\n<div class=\"page\" title=\"Page 16\">\n<div class=\"layoutArea\">\n<div class=\"column\">\n<div class=\"page\" title=\"Page 16\">\n<div class=\"layoutArea\">\n<div class=\"column\">\n<div class=\"page\" title=\"Page 16\">\n<div class=\"layoutArea\">\n<div class=\"column\">\n<div class=\"page\" title=\"Page 16\">\n<div class=\"layoutArea\">\n<div class=\"column\">\n<div class=\"page\" title=\"Page 16\">\n<div class=\"layoutArea\">\n<div class=\"column\">\n<p><a href=\"https:\/\/www.miplato.es\/tienda\/producto\/vino-px-bodegas-mezquita\/\" target=\"_blank\" rel=\"noopener\"><strong>Pedro Xim\u00e9nez Bodegas Mezquita<br \/> <\/strong><\/a><b>Pedro Xim\u00e9nez Piedra Luenga Bio 50 cl. (organic)<br \/> <\/b><b>Anna de Codorniu <br \/><\/b>(Chardonnay)<b><br \/> <\/b><b>Anna de Codorniu Sleever Ros\u00e9 <br \/><\/b>(Pinot Noir, Chardonnay)<\/p>\n<\/div>\n<\/div>\n<\/div>\n<\/div>\n<\/div>\n<\/div>\n<\/div>\n<\/div>\n<\/div>\n<\/div>\n<\/div>\n<\/div>\n<\/div>\n<\/div>\n<\/div>\n<p>[\/et_pb_text][\/et_pb_column][\/et_pb_row][\/et_pb_section][et_pb_section fb_built=&#8221;1&#8243; _builder_version=&#8221;3.22&#8243; background_image=&#8221;https:\/\/www.bodegasmezquita.com\/wp-content\/uploads\/slideVino1.jpg&#8221;][et_pb_row _builder_version=&#8221;3.25&#8243; background_size=&#8221;initial&#8221; background_position=&#8221;top_left&#8221; background_repeat=&#8221;repeat&#8221; column_structure=&#8221;1_2,1_2&#8243;][et_pb_column type=&#8221;1_2&#8243; _builder_version=&#8221;3.25&#8243; custom_padding=&#8221;|||&#8221; custom_padding__hover=&#8221;|||&#8221;][et_pb_button button_url=&#8221;https:\/\/www.bodegasmezquita.com\/cata-de-vinos\/&#8221; button_text=&#8221;JOIN OUR WINE TASTINGS&#8221; button_alignment=&#8221;center&#8221; _builder_version=&#8221;4.4.8&#8243; custom_button=&#8221;on&#8221; button_text_size=&#8221;24&#8243; button_text_color=&#8221;#ffffff&#8221; button_bg_color=&#8221;rgba(224,153,0,0.79)&#8221; button_border_width=&#8221;0&#8243; hover_enabled=&#8221;0&#8243; button_letter_spacing_hover=&#8221;0&#8243; button_text_size__hover_enabled=&#8221;off&#8221; button_one_text_size__hover_enabled=&#8221;off&#8221; button_two_text_size__hover_enabled=&#8221;off&#8221; button_text_color__hover_enabled=&#8221;off&#8221; button_one_text_color__hover_enabled=&#8221;off&#8221; button_two_text_color__hover_enabled=&#8221;off&#8221; button_border_width__hover_enabled=&#8221;off&#8221; button_one_border_width__hover_enabled=&#8221;off&#8221; button_two_border_width__hover_enabled=&#8221;off&#8221; button_border_color__hover_enabled=&#8221;off&#8221; button_one_border_color__hover_enabled=&#8221;off&#8221; button_two_border_color__hover_enabled=&#8221;off&#8221; button_border_radius__hover_enabled=&#8221;off&#8221; button_one_border_radius__hover_enabled=&#8221;off&#8221; button_two_border_radius__hover_enabled=&#8221;off&#8221; button_letter_spacing__hover_enabled=&#8221;on&#8221; button_letter_spacing__hover=&#8221;0&#8243; button_one_letter_spacing__hover_enabled=&#8221;off&#8221; button_two_letter_spacing__hover_enabled=&#8221;off&#8221; button_bg_color__hover_enabled=&#8221;off&#8221; button_one_bg_color__hover_enabled=&#8221;off&#8221; button_two_bg_color__hover_enabled=&#8221;off&#8221; disabled_on=&#8221;on|on|on&#8221; disabled=&#8221;on&#8221;][\/et_pb_button][\/et_pb_column][et_pb_column type=&#8221;1_2&#8243; _builder_version=&#8221;3.25&#8243; custom_padding=&#8221;|||&#8221; custom_padding__hover=&#8221;|||&#8221;][et_pb_button button_url=&#8221;https:\/\/www.miplato.es\/tienda\/categoria-producto\/vinos\/&#8221; button_text=&#8221;PAMPER YOURSELF WITH OUR WINES!&#8221; button_alignment=&#8221;center&#8221; _builder_version=&#8221;3.16&#8243; custom_button=&#8221;on&#8221; button_text_size=&#8221;24&#8243; button_text_color=&#8221;#ffffff&#8221; button_bg_color=&#8221;rgba(224,153,0,0.79)&#8221; button_border_width=&#8221;0&#8243; button_letter_spacing_hover=&#8221;0&#8243; button_text_size__hover_enabled=&#8221;off&#8221; button_one_text_size__hover_enabled=&#8221;off&#8221; button_two_text_size__hover_enabled=&#8221;off&#8221; button_text_color__hover_enabled=&#8221;off&#8221; button_one_text_color__hover_enabled=&#8221;off&#8221; button_two_text_color__hover_enabled=&#8221;off&#8221; button_border_width__hover_enabled=&#8221;off&#8221; button_one_border_width__hover_enabled=&#8221;off&#8221; button_two_border_width__hover_enabled=&#8221;off&#8221; button_border_color__hover_enabled=&#8221;off&#8221; button_one_border_color__hover_enabled=&#8221;off&#8221; button_two_border_color__hover_enabled=&#8221;off&#8221; button_border_radius__hover_enabled=&#8221;off&#8221; button_one_border_radius__hover_enabled=&#8221;off&#8221; button_two_border_radius__hover_enabled=&#8221;off&#8221; button_letter_spacing__hover_enabled=&#8221;on&#8221; button_letter_spacing__hover=&#8221;0&#8243; button_one_letter_spacing__hover_enabled=&#8221;off&#8221; button_two_letter_spacing__hover_enabled=&#8221;off&#8221; button_bg_color__hover_enabled=&#8221;off&#8221; button_one_bg_color__hover_enabled=&#8221;off&#8221; button_two_bg_color__hover_enabled=&#8221;off&#8221;][\/et_pb_button][\/et_pb_column][\/et_pb_row][\/et_pb_section]<\/p>\n","protected":false},"excerpt":{"rendered":"<p>RED WINES Bodegas Mezquita (Syrah) Small bottle 50 cl. and standard bottle 75 cl. Casa Villa-Zevallos Roble (Tempranillo, Cabernet Sauvignon, Syrah and Merlot) Los Omeyas Roble (Syrah) Piedra Luenga Bio(organic) (Tempranillo) Delirio (Syrah and Tempranillo) Vi\u00f1a Pomal Centenario Crianza (Tempranillo) Legaris Roble (Tempranillo)Primog\u00e9nito(Syrah) Mu\u00f1ana Rojo (Tempranillo, Cabernet Sauvignon and Monastrell) Barbazul (Tintilla from Rota, Syrah, [&hellip;]<\/p>\n","protected":false},"author":2,"featured_media":0,"parent":0,"menu_order":0,"comment_status":"closed","ping_status":"closed","template":"","meta":{"_et_pb_use_builder":"on","_et_pb_old_content":"","_et_gb_content_width":"","footnotes":""},"class_list":["post-4159","page","type-page","status-publish","hentry"],"_links":{"self":[{"href":"https:\/\/www.bodegasmezquita.com\/en\/wp-json\/wp\/v2\/pages\/4159","targetHints":{"allow":["GET"]}}],"collection":[{"href":"https:\/\/www.bodegasmezquita.com\/en\/wp-json\/wp\/v2\/pages"}],"about":[{"href":"https:\/\/www.bodegasmezquita.com\/en\/wp-json\/wp\/v2\/types\/page"}],"author":[{"embeddable":true,"href":"https:\/\/www.bodegasmezquita.com\/en\/wp-json\/wp\/v2\/users\/2"}],"replies":[{"embeddable":true,"href":"https:\/\/www.bodegasmezquita.com\/en\/wp-json\/wp\/v2\/comments?post=4159"}],"version-history":[{"count":0,"href":"https:\/\/www.bodegasmezquita.com\/en\/wp-json\/wp\/v2\/pages\/4159\/revisions"}],"wp:attachment":[{"href":"https:\/\/www.bodegasmezquita.com\/en\/wp-json\/wp\/v2\/media?parent=4159"}],"curies":[{"name":"wp","href":"https:\/\/api.w.org\/{rel}","templated":true}]}}